{"id":1082,"date":"2026-02-13T12:46:10","date_gmt":"2026-02-13T11:46:10","guid":{"rendered":"https:\/\/bbcontrol.cz\/?page_id=1082"},"modified":"2026-02-13T12:47:16","modified_gmt":"2026-02-13T11:47:16","slug":"developerske-projekty","status":"publish","type":"page","link":"https:\/\/www.bbcontrol.cz\/en\/reference\/developerske-projekty\/","title":{"rendered":"Developersk\u00e9 projekty"},"content":{"rendered":"\t\t<div data-elementor-type=\"wp-page\" data-elementor-id=\"1082\" class=\"elementor elementor-1082\" data-elementor-post-type=\"page\">\n\t\t\t\t<div class=\"elementor-element elementor-element-6f8e33a e-flex e-con-boxed e-con e-parent\" data-id=\"6f8e33a\" data-element_type=\"container\" data-e-type=\"container\" data-settings=\"{&quot;background_background&quot;:&quot;classic&quot;,&quot;jet_parallax_layout_list&quot;:[]}\">\n\t\t\t\t\t<div class=\"e-con-inner\">\n\t\t<div class=\"elementor-element elementor-element-595814b e-con-full e-flex e-con e-child\" data-id=\"595814b\" data-element_type=\"container\" data-e-type=\"container\" data-settings=\"{&quot;jet_parallax_layout_list&quot;:[]}\">\n\t\t\t\t<div class=\"elementor-element elementor-element-67224ef elementor-widget elementor-widget-heading\" data-id=\"67224ef\" data-element_type=\"widget\" data-e-type=\"widget\" data-widget_type=\"heading.default\">\n\t\t\t\t\t<h1 class=\"elementor-heading-title elementor-size-default\">Reference<\/h1>\t\t\t\t<\/div>\n\t\t\t\t<\/div>\n\t\t<div class=\"elementor-element elementor-element-b7e7be4 e-con-full e-flex e-con e-child\" data-id=\"b7e7be4\" data-element_type=\"container\" data-e-type=\"container\" data-settings=\"{&quot;jet_parallax_layout_list&quot;:[]}\">\n\t\t\t\t<div class=\"elementor-element elementor-element-1f84c95 elementor-widget elementor-widget-heading\" data-id=\"1f84c95\" data-element_type=\"widget\" data-e-type=\"widget\" data-widget_type=\"heading.default\">\n\t\t\t\t\t<h2 class=\"elementor-heading-title elementor-size-default\">Developersk\u00e9 projekty<\/h2>\t\t\t\t<\/div>\n\t\t\t\t<\/div>\n\t\t\t\t\t<\/div>\n\t\t\t\t<\/div>\n\t\t<div class=\"elementor-element elementor-element-4346d70 e-flex e-con-boxed e-con e-parent\" data-id=\"4346d70\" data-element_type=\"container\" data-e-type=\"container\" data-settings=\"{&quot;jet_parallax_layout_list&quot;:[]}\">\n\t\t\t\t\t<div class=\"e-con-inner\">\n\t\t\t\t<div class=\"elementor-element elementor-element-df340f0 elementor-grid-3 elementor-grid-tablet-2 elementor-grid-mobile-1 elementor-widget elementor-widget-loop-grid\" data-id=\"df340f0\" data-element_type=\"widget\" data-e-type=\"widget\" data-settings=\"{&quot;template_id&quot;:&quot;1012&quot;,&quot;row_gap&quot;:{&quot;unit&quot;:&quot;em&quot;,&quot;size&quot;:3,&quot;sizes&quot;:[]},&quot;row_gap_tablet&quot;:{&quot;unit&quot;:&quot;em&quot;,&quot;size&quot;:2,&quot;sizes&quot;:[]},&quot;row_gap_mobile&quot;:{&quot;unit&quot;:&quot;em&quot;,&quot;size&quot;:&quot;&quot;,&quot;sizes&quot;:[]},&quot;columns&quot;:3,&quot;columns_tablet&quot;:2,&quot;_skin&quot;:&quot;post&quot;,&quot;columns_mobile&quot;:&quot;1&quot;,&quot;edit_handle_selector&quot;:&quot;[data-elementor-type=\\&quot;loop-item\\&quot;]&quot;}\" data-widget_type=\"loop-grid.post\">\n\t\t\t\t<div class=\"elementor-widget-container\">\n\t\t\t\t\t\t\t<div class=\"e-loop-nothing-found-message\">\n\t\t<\/div>\n\t\t\t\t\t\t<\/div>\n\t\t\t\t<\/div>\n\t\t\t\t\t<\/div>\n\t\t\t\t<\/div>\n\t\t\t\t<\/div>\n\t\t","protected":false},"excerpt":{"rendered":"<p>Reference Developersk\u00e9 projekty<\/p>","protected":false},"author":1,"featured_media":0,"parent":45,"menu_order":0,"comment_status":"closed","ping_status":"closed","template":"","meta":{"footnotes":""},"class_list":["post-1082","page","type-page","status-publish","hentry"],"yoast_head":"<!-- This site is optimized with the Yoast SEO plugin v27.1.1 - https:\/\/yoast.com\/product\/yoast-seo-wordpress\/ -->\n<title>Developersk\u00e9 projekty - BB Control<\/title>\n<meta name=\"robots\" content=\"index, follow, max-snippet:-1, max-image-preview:large, max-video-preview:-1\" \/>\n<link rel=\"canonical\" href=\"https:\/\/www.bbcontrol.cz\/en\/reference\/developerske-projekty\/\" \/>\n<meta property=\"og:locale\" content=\"en_GB\" \/>\n<meta property=\"og:type\" content=\"article\" \/>\n<meta property=\"og:title\" content=\"Developersk\u00e9 projekty - BB Control\" \/>\n<meta property=\"og:description\" content=\"Reference Developersk\u00e9 projekty\" \/>\n<meta property=\"og:url\" content=\"https:\/\/www.bbcontrol.cz\/en\/reference\/developerske-projekty\/\" \/>\n<meta property=\"og:site_name\" content=\"BB Control\" \/>\n<meta property=\"article:publisher\" content=\"https:\/\/www.facebook.com\/bbcontrolcz\/\" \/>\n<meta property=\"article:modified_time\" content=\"2026-02-13T11:47:16+00:00\" \/>\n<meta name=\"twitter:card\" content=\"summary_large_image\" \/>\n<script type=\"application\/ld+json\" class=\"yoast-schema-graph\">{\"@context\":\"https:\/\/schema.org\",\"@graph\":[{\"@type\":\"WebPage\",\"@id\":\"https:\/\/www.bbcontrol.cz\/reference\/developerske-projekty\/\",\"url\":\"https:\/\/www.bbcontrol.cz\/reference\/developerske-projekty\/\",\"name\":\"Developersk\u00e9 projekty - BB Control\",\"isPartOf\":{\"@id\":\"https:\/\/www.bbcontrol.cz\/#website\"},\"datePublished\":\"2026-02-13T11:46:10+00:00\",\"dateModified\":\"2026-02-13T11:47:16+00:00\",\"breadcrumb\":{\"@id\":\"https:\/\/www.bbcontrol.cz\/reference\/developerske-projekty\/#breadcrumb\"},\"inLanguage\":\"en-GB\",\"potentialAction\":[{\"@type\":\"ReadAction\",\"target\":[\"https:\/\/www.bbcontrol.cz\/reference\/developerske-projekty\/\"]}]},{\"@type\":\"BreadcrumbList\",\"@id\":\"https:\/\/www.bbcontrol.cz\/reference\/developerske-projekty\/#breadcrumb\",\"itemListElement\":[{\"@type\":\"ListItem\",\"position\":1,\"name\":\"Dom\u016f\",\"item\":\"https:\/\/www.bbcontrol.cz\/\"},{\"@type\":\"ListItem\",\"position\":2,\"name\":\"Reference\",\"item\":\"https:\/\/www.bbcontrol.cz\/reference\/\"},{\"@type\":\"ListItem\",\"position\":3,\"name\":\"Developersk\u00e9 projekty\"}]},{\"@type\":\"WebSite\",\"@id\":\"https:\/\/www.bbcontrol.cz\/#website\",\"url\":\"https:\/\/www.bbcontrol.cz\/\",\"name\":\"BB Control\",\"description\":\"Komplexn\u00ed elektroinstalace, automatizace a chytr\u00e9 \u0159\u00edzen\u00ed  pro domy, firmy  a developersk\u00e9 projekty\",\"publisher\":{\"@id\":\"https:\/\/www.bbcontrol.cz\/#organization\"},\"potentialAction\":[{\"@type\":\"SearchAction\",\"target\":{\"@type\":\"EntryPoint\",\"urlTemplate\":\"https:\/\/www.bbcontrol.cz\/?s={search_term_string}\"},\"query-input\":{\"@type\":\"PropertyValueSpecification\",\"valueRequired\":true,\"valueName\":\"search_term_string\"}}],\"inLanguage\":\"en-GB\"},{\"@type\":\"Organization\",\"@id\":\"https:\/\/www.bbcontrol.cz\/#organization\",\"name\":\"BB Control s.r.o.\",\"url\":\"https:\/\/www.bbcontrol.cz\/\",\"logo\":{\"@type\":\"ImageObject\",\"inLanguage\":\"en-GB\",\"@id\":\"https:\/\/www.bbcontrol.cz\/#\/schema\/logo\/image\/\",\"url\":\"https:\/\/www.bbcontrol.cz\/wp-content\/uploads\/2026\/01\/BBcontrol-logo.png\",\"contentUrl\":\"https:\/\/www.bbcontrol.cz\/wp-content\/uploads\/2026\/01\/BBcontrol-logo.png\",\"width\":2019,\"height\":339,\"caption\":\"BB Control s.r.o.\"},\"image\":{\"@id\":\"https:\/\/www.bbcontrol.cz\/#\/schema\/logo\/image\/\"},\"sameAs\":[\"https:\/\/www.facebook.com\/bbcontrolcz\/\",\"https:\/\/www.instagram.com\/bbcontrol.cz\"]}]}<\/script>\n<!-- \/ Yoast SEO plugin. -->","yoast_head_json":{"title":"Developersk\u00e9 projekty - BB Control","robots":{"index":"index","follow":"follow","max-snippet":"max-snippet:-1","max-image-preview":"max-image-preview:large","max-video-preview":"max-video-preview:-1"},"canonical":"https:\/\/www.bbcontrol.cz\/en\/reference\/developerske-projekty\/","og_locale":"en_GB","og_type":"article","og_title":"Developersk\u00e9 projekty - BB Control","og_description":"Reference Developersk\u00e9 projekty","og_url":"https:\/\/www.bbcontrol.cz\/en\/reference\/developerske-projekty\/","og_site_name":"BB Control","article_publisher":"https:\/\/www.facebook.com\/bbcontrolcz\/","article_modified_time":"2026-02-13T11:47:16+00:00","twitter_card":"summary_large_image","schema":{"@context":"https:\/\/schema.org","@graph":[{"@type":"WebPage","@id":"https:\/\/www.bbcontrol.cz\/reference\/developerske-projekty\/","url":"https:\/\/www.bbcontrol.cz\/reference\/developerske-projekty\/","name":"Developersk\u00e9 projekty - BB Control","isPartOf":{"@id":"https:\/\/www.bbcontrol.cz\/#website"},"datePublished":"2026-02-13T11:46:10+00:00","dateModified":"2026-02-13T11:47:16+00:00","breadcrumb":{"@id":"https:\/\/www.bbcontrol.cz\/reference\/developerske-projekty\/#breadcrumb"},"inLanguage":"en-GB","potentialAction":[{"@type":"ReadAction","target":["https:\/\/www.bbcontrol.cz\/reference\/developerske-projekty\/"]}]},{"@type":"BreadcrumbList","@id":"https:\/\/www.bbcontrol.cz\/reference\/developerske-projekty\/#breadcrumb","itemListElement":[{"@type":"ListItem","position":1,"name":"Dom\u016f","item":"https:\/\/www.bbcontrol.cz\/"},{"@type":"ListItem","position":2,"name":"Reference","item":"https:\/\/www.bbcontrol.cz\/reference\/"},{"@type":"ListItem","position":3,"name":"Developersk\u00e9 projekty"}]},{"@type":"WebSite","@id":"https:\/\/www.bbcontrol.cz\/#website","url":"https:\/\/www.bbcontrol.cz\/","name":"BB Control","description":"Komplexn\u00ed elektroinstalace, automatizace a chytr\u00e9 \u0159\u00edzen\u00ed  pro domy, firmy  a developersk\u00e9 projekty","publisher":{"@id":"https:\/\/www.bbcontrol.cz\/#organization"},"potentialAction":[{"@type":"SearchAction","target":{"@type":"EntryPoint","urlTemplate":"https:\/\/www.bbcontrol.cz\/?s={search_term_string}"},"query-input":{"@type":"PropertyValueSpecification","valueRequired":true,"valueName":"search_term_string"}}],"inLanguage":"en-GB"},{"@type":"Organization","@id":"https:\/\/www.bbcontrol.cz\/#organization","name":"BB Control s.r.o.","url":"https:\/\/www.bbcontrol.cz\/","logo":{"@type":"ImageObject","inLanguage":"en-GB","@id":"https:\/\/www.bbcontrol.cz\/#\/schema\/logo\/image\/","url":"https:\/\/www.bbcontrol.cz\/wp-content\/uploads\/2026\/01\/BBcontrol-logo.png","contentUrl":"https:\/\/www.bbcontrol.cz\/wp-content\/uploads\/2026\/01\/BBcontrol-logo.png","width":2019,"height":339,"caption":"BB Control s.r.o."},"image":{"@id":"https:\/\/www.bbcontrol.cz\/#\/schema\/logo\/image\/"},"sameAs":["https:\/\/www.facebook.com\/bbcontrolcz\/","https:\/\/www.instagram.com\/bbcontrol.cz"]}]}},"_links":{"self":[{"href":"https:\/\/www.bbcontrol.cz\/en\/wp-json\/wp\/v2\/pages\/1082","targetHints":{"allow":["GET"]}}],"collection":[{"href":"https:\/\/www.bbcontrol.cz\/en\/wp-json\/wp\/v2\/pages"}],"about":[{"href":"https:\/\/www.bbcontrol.cz\/en\/wp-json\/wp\/v2\/types\/page"}],"author":[{"embeddable":true,"href":"https:\/\/www.bbcontrol.cz\/en\/wp-json\/wp\/v2\/users\/1"}],"replies":[{"embeddable":true,"href":"https:\/\/www.bbcontrol.cz\/en\/wp-json\/wp\/v2\/comments?post=1082"}],"version-history":[{"count":4,"href":"https:\/\/www.bbcontrol.cz\/en\/wp-json\/wp\/v2\/pages\/1082\/revisions"}],"predecessor-version":[{"id":1087,"href":"https:\/\/www.bbcontrol.cz\/en\/wp-json\/wp\/v2\/pages\/1082\/revisions\/1087"}],"up":[{"embeddable":true,"href":"https:\/\/www.bbcontrol.cz\/en\/wp-json\/wp\/v2\/pages\/45"}],"wp:attachment":[{"href":"https:\/\/www.bbcontrol.cz\/en\/wp-json\/wp\/v2\/media?parent=1082"}],"curies":[{"name":"wp","href":"https:\/\/api.w.org\/{rel}","templated":true}]}}